{"id":331,"date":"2025-10-24T22:13:57","date_gmt":"2025-10-24T19:13:57","guid":{"rendered":"https:\/\/travelrentacar.ro\/?page_id=331"},"modified":"2025-10-24T22:16:33","modified_gmt":"2025-10-24T19:16:33","slug":"szemelyes-adatok-vedelmere-vonatkozo-szabalyzat","status":"publish","type":"page","link":"https:\/\/travelrentacar.ro\/hu\/szemelyes-adatok-vedelmere-vonatkozo-szabalyzat\/","title":{"rendered":"Szem\u00e9lyes adatok v\u00e9delm\u00e9re vonatkoz\u00f3 szab\u00e1lyzat"},"content":{"rendered":"<p><b>1. Bevezet\u00e9s<\/b><b><\/b><\/p>\n<p>Jelen szab\u00e1lyzat ismerteti, hogy a <b>SC TRAVEL RENT AUTO SRL<\/b> hogyan gy\u0171jti, haszn\u00e1lja \u00e9s v\u00e9di a weboldalunkat (<a href=\"https:\/\/travelrentacar.ro\/hu\/\">https:\/\/travelrentacar.ro<\/a>) l\u00e1togat\u00f3k, illetve az aut\u00f3b\u00e9rl\u00e9si szolg\u00e1ltat\u00e1sainkat ig\u00e9nybe vev\u0151 \u00fcgyfelek szem\u00e9lyes adatait.<\/p>\n<p>T\u00e1rsas\u00e1gunk tiszteletben tartja \u00e9s betartja a szem\u00e9lyes adatok v\u00e9delm\u00e9re vonatkoz\u00f3 rom\u00e1n \u00e9s eur\u00f3pai jogszab\u00e1lyokat, k\u00fcl\u00f6n\u00f6sen az <b>(EU) 2016\/679 rendeletet (GDPR)<\/b>.<\/p>\n<p><b>2. Milyen adatokat gy\u0171jt\u00fcnk<\/b><b><\/b><\/p>\n<p>A k\u00f6vetkez\u0151 t\u00edpus\u00fa adatokat gy\u0171jthetj\u00fck:<\/p>\n<p>\u2022N\u00e9v, vezet\u00e9kn\u00e9v \u00e9s el\u00e9rhet\u0151s\u00e9gek (telefon, e-mail, c\u00edm);<\/p>\n<p>\u2022Jogos\u00edtv\u00e1ny, szem\u00e9lyi igazolv\u00e1ny vagy \u00fatlev\u00e9l adatai;<\/p>\n<p>\u2022Fizet\u00e9si adatok (r\u00e9szleges k\u00e1rtyasz\u00e1m, kibocs\u00e1t\u00f3 bank);<\/p>\n<p>\u2022Foglal\u00e1si \u00e9s b\u00e9rl\u00e9si el\u0151zm\u00e9nyek;<\/p>\n<p>\u2022Automatikusan gy\u0171jt\u00f6tt technikai adatok (IP-c\u00edm, eszk\u00f6zt\u00edpus, cookie-k).<\/p>\n<p><b>3. Az adatok kezel\u00e9se \u00e9s felhaszn\u00e1l\u00e1sa<\/b><b><\/b><\/p>\n<p>A szem\u00e9lyes adatokat kiz\u00e1r\u00f3lag az al\u00e1bbi c\u00e9lokra haszn\u00e1ljuk:<\/p>\n<p>\u2022Aut\u00f3b\u00e9rleti szerz\u0151d\u00e9sek megk\u00f6t\u00e9se \u00e9s teljes\u00edt\u00e9se;<\/p>\n<p>\u2022Sz\u00e1ml\u00e1z\u00e1s, fizet\u00e9s \u00e9s k\u00f6nyvel\u00e9s;<\/p>\n<p>\u2022Kapcsolattart\u00e1s foglal\u00e1sok, m\u00f3dos\u00edt\u00e1sok vagy panaszok kapcs\u00e1n;<\/p>\n<p>\u2022Jogszab\u00e1lyban el\u0151\u00edrt k\u00f6telezetts\u00e9gek teljes\u00edt\u00e9se (jelent\u00e9sek, archiv\u00e1l\u00e1s);<\/p>\n<p>\u2022Szolg\u00e1ltat\u00e1saink \u00e9s weboldalunk fejleszt\u00e9se (anonim elemz\u00e9sek alapj\u00e1n).<\/p>\n<p><b>4. Az adatkezel\u00e9s jogalapja<\/b><b><\/b><\/p>\n<p>Az adatok kezel\u00e9se az al\u00e1bbi jogalapokon t\u00f6rt\u00e9nik:<\/p>\n<p>\u2022Szerz\u0151d\u00e9s teljes\u00edt\u00e9se vagy szerz\u0151d\u00e9sk\u00f6t\u00e9st megel\u0151z\u0151 l\u00e9p\u00e9sek;<\/p>\n<p>\u2022Jogszab\u00e1lyi k\u00f6telezetts\u00e9g teljes\u00edt\u00e9se;<\/p>\n<p>\u2022Az \u00e9rintett hozz\u00e1j\u00e1rul\u00e1sa (pl. marketingc\u00e9l\u00fa kommunik\u00e1ci\u00f3hoz);<\/p>\n<p>\u2022Jogos \u00e9rdek (pl. csal\u00e1smegel\u0151z\u00e9s, adatbiztons\u00e1g).<\/p>\n<p><b>5. Az adatok meg\u0151rz\u00e9s\u00e9nek id\u0151tartama<\/b><b><\/b><\/p>\n<p>A szem\u00e9lyes adatokat csak addig \u0151rizz\u00fck meg, ameddig az adott c\u00e9lhoz sz\u00fcks\u00e9ges:<\/p>\n<p>\u2022Szerz\u0151d\u00e9ses adatok: 10 \u00e9v (ad\u00f3z\u00e1si el\u0151\u00edr\u00e1sok szerint);<\/p>\n<p>\u2022Kapcsolattart\u00e1si adatok: a hozz\u00e1j\u00e1rul\u00e1s visszavon\u00e1s\u00e1ig;<\/p>\n<p>\u2022Analitikai adatok \u00e9s cookie-k: a cookie-szab\u00e1lyzatban megadott ideig.<\/p>\n<p><b>6. Az adatok tov\u00e1bb\u00edt\u00e1sa<\/b><b><\/b><\/p>\n<p>Szem\u00e9lyes adatokat nem \u00e9rt\u00e9kes\u00edt\u00fcnk \u00e9s nem adunk \u00e1t harmadik f\u00e9lnek.<\/p>\n<p>Adatokat kiz\u00e1r\u00f3lag az al\u00e1bbiak kaphatnak meg:<\/p>\n<p>\u2022Szolg\u00e1ltat\u00f3k, akik a foglal\u00e1s \u00e9s fizet\u00e9s lebonyol\u00edt\u00e1s\u00e1ban r\u00e9szt vesznek (pl. t\u00e1rhely, fizet\u00e9si feldolgoz\u00f3k);<\/p>\n<p>\u2022Hat\u00f3s\u00e1gok, amennyiben jogszab\u00e1ly \u00edrja el\u0151;<\/p>\n<p>\u2022Szerz\u0151d\u00e9ses partnerek, ha ez sz\u00fcks\u00e9ges a szolg\u00e1ltat\u00e1s teljes\u00edt\u00e9s\u00e9hez.<\/p>\n<p><b>7. Az \u00e9rintettek jogai<\/b><b><\/b><\/p>\n<p>A GDPR \u00e9rtelm\u00e9ben az \u00e9rintett jogosult:<\/p>\n<p>\u2022<b>Hozz\u00e1f\u00e9r\u00e9sre<\/b> a saj\u00e1t adataihoz;<\/p>\n<p>\u2022<b>Helyesb\u00edt\u00e9sre<\/b> vagy friss\u00edt\u00e9sre;<\/p>\n<p>\u2022<b>T\u00f6rl\u00e9sre<\/b> (\u201eaz elfeledtet\u00e9s jog\u00e1ra\u201d);<\/p>\n<p>\u2022<b>Az adatkezel\u00e9s korl\u00e1toz\u00e1s\u00e1ra<\/b>;<\/p>\n<p>\u2022<b>Adathordozhat\u00f3s\u00e1gra<\/b>;<\/p>\n<p>\u2022<b>Tiltakoz\u00e1sra<\/b> az adatkezel\u00e9s ellen;<\/p>\n<p>\u2022<b>Panasz beny\u00fajt\u00e1s\u00e1ra<\/b> a rom\u00e1n adatv\u00e9delmi hat\u00f3s\u00e1ghoz (ANSPDCP).<\/p>\n<p><b>8. Az adatok biztons\u00e1ga<\/b><b><\/b><\/p>\n<p>T\u00e1rsas\u00e1gunk megfelel\u0151 technikai \u00e9s szervez\u00e9si int\u00e9zked\u00e9seket alkalmaz az adatok v\u00e9delme \u00e9rdek\u00e9ben \u2013 azok elveszt\u00e9se, jogosulatlan hozz\u00e1f\u00e9r\u00e9se, m\u00f3dos\u00edt\u00e1sa vagy nyilv\u00e1noss\u00e1gra hozatala ellen.<\/p>\n<p>A weboldalon kereszt\u00fcli kommunik\u00e1ci\u00f3 \u00e9s az online fizet\u00e9s SSL titkos\u00edt\u00e1ssal v\u00e9dett.<\/p>\n<p><b>9. Kapcsolat<\/b><b><\/b><\/p>\n<p>Ha k\u00e9rd\u00e9sed van a szem\u00e9lyes adatok kezel\u00e9s\u00e9vel kapcsolatban, vagy \u00e9lni szeretn\u00e9l jogaiddal, fordulj hozz\u00e1nk bizalommal:<\/p>\n<p><b>SC TRAVEL RENT AUTO SRL<\/b><b><\/b><\/p>\n<p>E-mail: <a href=\"mailto:office@travelrentacar.ro\">office@travelrentacar.ro<\/a><\/p>\n<p>C\u00edm: Transilvania Nemzetk\u00f6zi Rep\u00fcl\u0151t\u00e9r, Vidr\u00e1tszeg, Marosv\u00e1s\u00e1rhely - Marosludas orsz\u00e1g\u00fat, 14.5 km, Maros megye, Rom\u00e1nia<\/p>\n","protected":false},"excerpt":{"rendered":"<p>1. Bevezet\u00e9s Jelen szab\u00e1lyzat ismerteti, hogy a SC TRAVEL RENT AUTO SRL hogyan gy\u0171jti, haszn\u00e1lja \u00e9s v\u00e9di a weboldalunkat (https:\/\/travelrentacar.ro) l\u00e1togat\u00f3k, illetve az aut\u00f3b\u00e9rl\u00e9si szolg\u00e1ltat\u00e1sainkat ig\u00e9nybe vev\u0151 \u00fcgyfelek szem\u00e9lyes adatait. T\u00e1rsas\u00e1gunk tiszteletben tartja \u00e9s betartja a szem\u00e9lyes adatok v\u00e9delm\u00e9re vonatkoz\u00f3 rom\u00e1n \u00e9s eur\u00f3pai jogszab\u00e1lyokat, k\u00fcl\u00f6n\u00f6sen az (EU) 2016\/679 rendeletet (GDPR). 2. Milyen adatokat gy\u0171jt\u00fcnk A &hellip; <\/p>\n<p class=\"link-more\"><a href=\"https:\/\/travelrentacar.ro\/hu\/szemelyes-adatok-vedelmere-vonatkozo-szabalyzat\/\" class=\"more-link\"><span class=\"screen-reader-text\"> prova \"Szem\u00e9lyes adatok v\u00e9delm\u00e9re vonatkoz\u00f3 szab\u00e1lyzat\"<\/span><\/a><\/p>\n","protected":false},"author":2,"featured_media":0,"parent":0,"menu_order":0,"comment_status":"closed","ping_status":"closed","template":"","meta":{"footnotes":""},"class_list":["post-331","page","type-page","status-publish","hentry"],"_links":{"self":[{"href":"https:\/\/travelrentacar.ro\/hu\/wp-json\/wp\/v2\/pages\/331","targetHints":{"allow":["GET"]}}],"collection":[{"href":"https:\/\/travelrentacar.ro\/hu\/wp-json\/wp\/v2\/pages"}],"about":[{"href":"https:\/\/travelrentacar.ro\/hu\/wp-json\/wp\/v2\/types\/page"}],"author":[{"embeddable":true,"href":"https:\/\/travelrentacar.ro\/hu\/wp-json\/wp\/v2\/users\/2"}],"replies":[{"embeddable":true,"href":"https:\/\/travelrentacar.ro\/hu\/wp-json\/wp\/v2\/comments?post=331"}],"version-history":[{"count":2,"href":"https:\/\/travelrentacar.ro\/hu\/wp-json\/wp\/v2\/pages\/331\/revisions"}],"predecessor-version":[{"id":333,"href":"https:\/\/travelrentacar.ro\/hu\/wp-json\/wp\/v2\/pages\/331\/revisions\/333"}],"wp:attachment":[{"href":"https:\/\/travelrentacar.ro\/hu\/wp-json\/wp\/v2\/media?parent=331"}],"curies":[{"name":"wp","href":"https:\/\/api.w.org\/{rel}","templated":true}]}}